{"id":98,"date":"2022-07-08T12:48:37","date_gmt":"2022-07-08T10:48:37","guid":{"rendered":"https:\/\/balpol.pl\/?page_id=98"},"modified":"2024-10-30T12:59:24","modified_gmt":"2024-10-30T11:59:24","slug":"olej-napedowy","status":"publish","type":"page","link":"https:\/\/balpol.pl\/index.php\/olej-napedowy\/","title":{"rendered":"Olej nap\u0119dowy"},"content":{"rendered":"\n<div class=\"wp-block-columns is-layout-flex wp-container-core-columns-is-layout-28f84493 wp-block-columns-is-layout-flex\">\n<div class=\"wp-block-column is-layout-flow wp-block-column-is-layout-flow\">\n<figure class=\"wp-block-image size-full is-resized\"><img loading=\"lazy\" decoding=\"async\" width=\"201\" height=\"294\" src=\"https:\/\/balpol.pl\/wp-content\/uploads\/2022\/07\/e9bfa554-85bf-11e8-8b9f-525400d183e6_hd_on.jpg\" alt=\"\" class=\"wp-image-99\" style=\"width:245px;height:360px\"\/><\/figure>\n<\/div>\n\n\n\n<div class=\"wp-block-column is-layout-flow wp-block-column-is-layout-flow\">\n<p>Olej nap\u0119dowy EKODIESEL Ultra<\/p>\n\n\n\n<p>Zam\u00f3wienia:<br>tel: 604 200 844<br>email: biuro@balpol.pl<\/p>\n\n\n\n<p>Charakterystyka:<br>Olej nap\u0119dowy Ekodiesel Ultra zawiera dodatki uszlachetniaj\u0105ce: podwy\u017cszaj\u0105ce liczb\u0119 cetanow\u0105 i zmniejszaj\u0105ce zadymienie spalin, detergenty poprawiaj\u0105ce czysto\u015b\u0107 wtryskiwaczy paliwa, przeciwkorozyjne, poprawiaj\u0105ce odporno\u015b\u0107 na utlenianie, deemulguj\u0105ce, biob\u00f3jcze oraz depresatory. Mo\u017ce zawiera\u0107 dodatki przeciw pienne oraz znacznik paliwa. Szczeg\u00f3lnie istotne dla ochrony \u015brodowiska jest obni\u017cenie zawarto\u015bci siarki w paliwie Ekodiesel Ultra poni\u017cej 10 mg\/kg.<\/p>\n<\/div>\n<\/div>\n","protected":false},"excerpt":{"rendered":"<p>Olej nap\u0119dowy EKODIESEL Ultra Zam\u00f3wienia:tel: 604 200 844email: biuro@balpol.pl Charakterystyka:Olej nap\u0119dowy Ekodiesel Ultra zawiera dodatki uszlachetniaj\u0105ce: podwy\u017cszaj\u0105ce liczb\u0119 cetanow\u0105 i zmniejszaj\u0105ce zadymienie spalin, detergenty poprawiaj\u0105ce czysto\u015b\u0107 wtryskiwaczy paliwa, przeciwkorozyjne, poprawiaj\u0105ce odporno\u015b\u0107 na utlenianie, deemulguj\u0105ce, biob\u00f3jcze oraz depresatory. Mo\u017ce zawiera\u0107 dodatki przeciw pienne oraz znacznik paliwa. Szczeg\u00f3lnie istotne dla ochrony \u015brodowiska jest obni\u017cenie zawarto\u015bci siarki w [&hellip;]<\/p>\n","protected":false},"author":1,"featured_media":0,"parent":0,"menu_order":0,"comment_status":"closed","ping_status":"closed","template":"","meta":{"site-sidebar-layout":"default","site-content-layout":"","ast-site-content-layout":"default","site-content-style":"default","site-sidebar-style":"default","ast-global-header-display":"","ast-banner-title-visibility":"","ast-main-header-display":"","ast-hfb-above-header-display":"","ast-hfb-below-header-display":"","ast-hfb-mobile-header-display":"","site-post-title":"","ast-breadcrumbs-content":"","ast-featured-img":"","footer-sml-layout":"","theme-transparent-header-meta":"","adv-header-id-meta":"","stick-header-meta":"","header-above-stick-meta":"","header-main-stick-meta":"","header-below-stick-meta":"","astra-migrate-meta-layouts":"set","ast-page-background-enabled":"default","ast-page-background-meta":{"desktop":{"background-color":"var(--ast-global-color-4)","background-image":"","background-repeat":"repeat","background-position":"center center","background-size":"auto","background-attachment":"scroll","background-type":"","background-media":"","overlay-type":"","overlay-color":"","overlay-opacity":"","overlay-gradient":""},"tablet":{"background-color":"","background-image":"","background-repeat":"repeat","background-position":"center center","background-size":"auto","background-attachment":"scroll","background-type":"","background-media":"","overlay-type":"","overlay-color":"","overlay-opacity":"","overlay-gradient":""},"mobile":{"background-color":"","background-image":"","background-repeat":"repeat","background-position":"center center","background-size":"auto","background-attachment":"scroll","background-type":"","background-media":"","overlay-type":"","overlay-color":"","overlay-opacity":"","overlay-gradient":""}},"ast-content-background-meta":{"desktop":{"background-color":"var(--ast-global-color-5)","background-image":"","background-repeat":"repeat","background-position":"center center","background-size":"auto","background-attachment":"scroll","background-type":"","background-media":"","overlay-type":"","overlay-color":"","overlay-opacity":"","overlay-gradient":""},"tablet":{"background-color":"var(--ast-global-color-5)","background-image":"","background-repeat":"repeat","background-position":"center center","background-size":"auto","background-attachment":"scroll","background-type":"","background-media":"","overlay-type":"","overlay-color":"","overlay-opacity":"","overlay-gradient":""},"mobile":{"background-color":"var(--ast-global-color-5)","background-image":"","background-repeat":"repeat","background-position":"center center","background-size":"auto","background-attachment":"scroll","background-type":"","background-media":"","overlay-type":"","overlay-color":"","overlay-opacity":"","overlay-gradient":""}},"footnotes":""},"class_list":["post-98","page","type-page","status-publish","hentry"],"_links":{"self":[{"href":"https:\/\/balpol.pl\/index.php\/wp-json\/wp\/v2\/pages\/98","targetHints":{"allow":["GET"]}}],"collection":[{"href":"https:\/\/balpol.pl\/index.php\/wp-json\/wp\/v2\/pages"}],"about":[{"href":"https:\/\/balpol.pl\/index.php\/wp-json\/wp\/v2\/types\/page"}],"author":[{"embeddable":true,"href":"https:\/\/balpol.pl\/index.php\/wp-json\/wp\/v2\/users\/1"}],"replies":[{"embeddable":true,"href":"https:\/\/balpol.pl\/index.php\/wp-json\/wp\/v2\/comments?post=98"}],"version-history":[{"count":4,"href":"https:\/\/balpol.pl\/index.php\/wp-json\/wp\/v2\/pages\/98\/revisions"}],"predecessor-version":[{"id":258,"href":"https:\/\/balpol.pl\/index.php\/wp-json\/wp\/v2\/pages\/98\/revisions\/258"}],"wp:attachment":[{"href":"https:\/\/balpol.pl\/index.php\/wp-json\/wp\/v2\/media?parent=98"}],"curies":[{"name":"wp","href":"https:\/\/api.w.org\/{rel}","templated":true}]}}