{"id":12,"date":"2022-07-07T11:43:19","date_gmt":"2022-07-07T09:43:19","guid":{"rendered":"https:\/\/balpol.pl\/?page_id=12"},"modified":"2022-07-08T19:15:02","modified_gmt":"2022-07-08T17:15:02","slug":"informacje","status":"publish","type":"page","link":"https:\/\/balpol.pl\/index.php\/informacje\/","title":{"rendered":"O firmie"},"content":{"rendered":"\n<p>Nasza firma istnieje od roku 1993, a paliwami zajmujemy si\u0119 od roku 1997.<\/p>\n\n\n\n<p>&#8222;BAL-POL&#8221; Pawe\u0142 Balcerzak jest firm\u0105 dzia\u0142aj\u0105c\u0105 w zakresie detalicznej i hurtowej sprzeda\u017cy paliw p\u0142ynnych oraz oleju opa\u0142owego na terenie m. st. Warszawy oraz w najbli\u017cszej okolicy.<\/p>\n\n\n\n<p>Nasze centrum dystrybucyjno-logistyczne mie\u015bci si\u0119 w 01-919 Warszawa, ul. W\u00f3lczy\u0144ska 133<\/p>\n\n\n\n<p>Posiadamy wyspecjalizowany nowoczesny sprz\u0119t do dystrybucji paliw.<\/p>\n\n\n\n<p>&#8222;BAL-POL&#8221; Pawe\u0142 Balcerzak wyr\u00f3\u017cnia si\u0119 od innych firm na rynku wykwalifikowanym zespo\u0142em pracownik\u00f3w, kt\u00f3ry dopasuje si\u0119 do ka\u017cdej z potrzeb klienta. Tabor samochodowy jest wyposa\u017cony w pompy ss\u0105co-t\u0142ocz\u0105ce z mo\u017cliwo\u015bci\u0105 wydruku zadysponowanego towaru.<\/p>\n\n\n\n<p>Autocysterny maj\u0105 wszystkie niezb\u0119dne dopuszczenia wydawane przez UDT, TDT, co jest szczeg\u00f3lnym elementem w zaopatrzeniu stacji paliw oraz klient\u00f3w indywidualnych. W zwi\u0105zku z powy\u017cszym oferujemy paliwa naszych krajowych producent\u00f3w tj. PKN Orlen oraz Grupy Lotos.<\/p>\n\n\n\n<p>ZAPRASZAMY DO WSP\u00d3\u0141PRACY<\/p>\n","protected":false},"excerpt":{"rendered":"<p>Nasza firma istnieje od roku 1993, a paliwami zajmujemy si\u0119 od roku 1997. &#8222;BAL-POL&#8221; Pawe\u0142 Balcerzak jest firm\u0105 dzia\u0142aj\u0105c\u0105 w zakresie detalicznej i hurtowej sprzeda\u017cy paliw p\u0142ynnych oraz oleju opa\u0142owego na terenie m. st. Warszawy oraz w najbli\u017cszej okolicy. Nasze centrum dystrybucyjno-logistyczne mie\u015bci si\u0119 w 01-919 Warszawa, ul. W\u00f3lczy\u0144ska 133 Posiadamy wyspecjalizowany nowoczesny sprz\u0119t do [&hellip;]<\/p>\n","protected":false},"author":1,"featured_media":0,"parent":0,"menu_order":0,"comment_status":"closed","ping_status":"closed","template":"","meta":{"site-sidebar-layout":"default","site-content-layout":"","ast-site-content-layout":"default","site-content-style":"default","site-sidebar-style":"default","ast-global-header-display":"","ast-banner-title-visibility":"","ast-main-header-display":"","ast-hfb-above-header-display":"","ast-hfb-below-header-display":"","ast-hfb-mobile-header-display":"","site-post-title":"","ast-breadcrumbs-content":"","ast-featured-img":"","footer-sml-layout":"","theme-transparent-header-meta":"","adv-header-id-meta":"","stick-header-meta":"","header-above-stick-meta":"","header-main-stick-meta":"","header-below-stick-meta":"","astra-migrate-meta-layouts":"default","ast-page-background-enabled":"default","ast-page-background-meta":{"desktop":{"background-color":"var(--ast-global-color-4)","background-image":"","background-repeat":"repeat","background-position":"center center","background-size":"auto","background-attachment":"scroll","background-type":"","background-media":"","overlay-type":"","overlay-color":"","overlay-opacity":"","overlay-gradient":""},"tablet":{"background-color":"","background-image":"","background-repeat":"repeat","background-position":"center center","background-size":"auto","background-attachment":"scroll","background-type":"","background-media":"","overlay-type":"","overlay-color":"","overlay-opacity":"","overlay-gradient":""},"mobile":{"background-color":"","background-image":"","background-repeat":"repeat","background-position":"center center","background-size":"auto","background-attachment":"scroll","background-type":"","background-media":"","overlay-type":"","overlay-color":"","overlay-opacity":"","overlay-gradient":""}},"ast-content-background-meta":{"desktop":{"background-color":"var(--ast-global-color-5)","background-image":"","background-repeat":"repeat","background-position":"center center","background-size":"auto","background-attachment":"scroll","background-type":"","background-media":"","overlay-type":"","overlay-color":"","overlay-opacity":"","overlay-gradient":""},"tablet":{"background-color":"var(--ast-global-color-5)","background-image":"","background-repeat":"repeat","background-position":"center center","background-size":"auto","background-attachment":"scroll","background-type":"","background-media":"","overlay-type":"","overlay-color":"","overlay-opacity":"","overlay-gradient":""},"mobile":{"background-color":"var(--ast-global-color-5)","background-image":"","background-repeat":"repeat","background-position":"center center","background-size":"auto","background-attachment":"scroll","background-type":"","background-media":"","overlay-type":"","overlay-color":"","overlay-opacity":"","overlay-gradient":""}},"footnotes":""},"class_list":["post-12","page","type-page","status-publish","hentry"],"_links":{"self":[{"href":"https:\/\/balpol.pl\/index.php\/wp-json\/wp\/v2\/pages\/12","targetHints":{"allow":["GET"]}}],"collection":[{"href":"https:\/\/balpol.pl\/index.php\/wp-json\/wp\/v2\/pages"}],"about":[{"href":"https:\/\/balpol.pl\/index.php\/wp-json\/wp\/v2\/types\/page"}],"author":[{"embeddable":true,"href":"https:\/\/balpol.pl\/index.php\/wp-json\/wp\/v2\/users\/1"}],"replies":[{"embeddable":true,"href":"https:\/\/balpol.pl\/index.php\/wp-json\/wp\/v2\/comments?post=12"}],"version-history":[{"count":4,"href":"https:\/\/balpol.pl\/index.php\/wp-json\/wp\/v2\/pages\/12\/revisions"}],"predecessor-version":[{"id":204,"href":"https:\/\/balpol.pl\/index.php\/wp-json\/wp\/v2\/pages\/12\/revisions\/204"}],"wp:attachment":[{"href":"https:\/\/balpol.pl\/index.php\/wp-json\/wp\/v2\/media?parent=12"}],"curies":[{"name":"wp","href":"https:\/\/api.w.org\/{rel}","templated":true}]}}