{"id":11,"date":"2022-07-07T11:43:19","date_gmt":"2022-07-07T09:43:19","guid":{"rendered":"https:\/\/balpol.pl\/?page_id=11"},"modified":"2024-10-30T12:53:48","modified_gmt":"2024-10-30T11:53:48","slug":"tworz-swoja-witryne-za-pomoca-blokow","status":"publish","type":"page","link":"https:\/\/balpol.pl\/","title":{"rendered":"Strona g\u0142\u00f3wna"},"content":{"rendered":"\n<p>Witamy w BAL-POL Pawe\u0142 Balcerzak.<\/p>\n\n\n\n<p>Prowadzimy si\u0119 hurtow\u0105 sprzeda\u017c paliw p\u0142ynnych: oleju opa\u0142owego, oleju nap\u0119dowego, benzyny bezo\u0142owiowej oraz gazu LPG na terenie m. st. Warszawy i jej okolic.<\/p>\n\n\n\n<p>W ofercie posiadamy tylko i wy\u0142\u0105cznie produkty sprawdzonych polskich producent\u00f3w.<\/p>\n\n\n\n<p>Tylko u nas znajdziesz:<br>Najni\u017csz\u0105 cen\u0119<br>Najwy\u017cszej jako\u015bci krajowe paliwa<br>Rzetelno\u015b\u0107 i punktualno\u015b\u0107 dostaw<br>Wykwalifikowan\u0105 kadr\u0119 nastawion\u0105 na potrzeby klient\u00f3w<\/p>\n\n\n\n<p>Obs\u0142ugujemy r\u00f3wnie\u017c floty &#8211; mo\u017cliwo\u015b\u0107 zakupu bezgot\u00f3wkowego oraz rabat\u00f3w<\/p>\n\n\n\n<p>ZAPRASZAMY DO KONTAKTU Z NASZYM DZIA\u0141EM HANDLOWYM<br>tel: 604 200 844<\/p>\n","protected":false},"excerpt":{"rendered":"<p>Witamy w BAL-POL Pawe\u0142 Balcerzak. Prowadzimy si\u0119 hurtow\u0105 sprzeda\u017c paliw p\u0142ynnych: oleju opa\u0142owego, oleju nap\u0119dowego, benzyny bezo\u0142owiowej oraz gazu LPG na terenie m. st. Warszawy i jej okolic. W ofercie posiadamy tylko i wy\u0142\u0105cznie produkty sprawdzonych polskich producent\u00f3w. Tylko u nas znajdziesz:Najni\u017csz\u0105 cen\u0119Najwy\u017cszej jako\u015bci krajowe paliwaRzetelno\u015b\u0107 i punktualno\u015b\u0107 dostawWykwalifikowan\u0105 kadr\u0119 nastawion\u0105 na potrzeby klient\u00f3w Obs\u0142ugujemy [&hellip;]<\/p>\n","protected":false},"author":1,"featured_media":0,"parent":0,"menu_order":0,"comment_status":"closed","ping_status":"closed","template":"","meta":{"site-sidebar-layout":"default","site-content-layout":"","ast-site-content-layout":"default","site-content-style":"default","site-sidebar-style":"default","ast-global-header-display":"","ast-banner-title-visibility":"","ast-main-header-display":"","ast-hfb-above-header-display":"","ast-hfb-below-header-display":"","ast-hfb-mobile-header-display":"","site-post-title":"disabled","ast-breadcrumbs-content":"","ast-featured-img":"","footer-sml-layout":"","theme-transparent-header-meta":"","adv-header-id-meta":"","stick-header-meta":"","header-above-stick-meta":"","header-main-stick-meta":"","header-below-stick-meta":"","astra-migrate-meta-layouts":"set","ast-page-background-enabled":"default","ast-page-background-meta":{"desktop":{"background-color":"var(--ast-global-color-4)","background-image":"","background-repeat":"repeat","background-position":"center center","background-size":"auto","background-attachment":"scroll","background-type":"","background-media":"","overlay-type":"","overlay-color":"","overlay-opacity":"","overlay-gradient":""},"tablet":{"background-color":"","background-image":"","background-repeat":"repeat","background-position":"center center","background-size":"auto","background-attachment":"scroll","background-type":"","background-media":"","overlay-type":"","overlay-color":"","overlay-opacity":"","overlay-gradient":""},"mobile":{"background-color":"","background-image":"","background-repeat":"repeat","background-position":"center center","background-size":"auto","background-attachment":"scroll","background-type":"","background-media":"","overlay-type":"","overlay-color":"","overlay-opacity":"","overlay-gradient":""}},"ast-content-background-meta":{"desktop":{"background-color":"var(--ast-global-color-5)","background-image":"","background-repeat":"repeat","background-position":"center center","background-size":"auto","background-attachment":"scroll","background-type":"","background-media":"","overlay-type":"","overlay-color":"","overlay-opacity":"","overlay-gradient":""},"tablet":{"background-color":"var(--ast-global-color-5)","background-image":"","background-repeat":"repeat","background-position":"center center","background-size":"auto","background-attachment":"scroll","background-type":"","background-media":"","overlay-type":"","overlay-color":"","overlay-opacity":"","overlay-gradient":""},"mobile":{"background-color":"var(--ast-global-color-5)","background-image":"","background-repeat":"repeat","background-position":"center center","background-size":"auto","background-attachment":"scroll","background-type":"","background-media":"","overlay-type":"","overlay-color":"","overlay-opacity":"","overlay-gradient":""}},"footnotes":""},"class_list":["post-11","page","type-page","status-publish","hentry"],"_links":{"self":[{"href":"https:\/\/balpol.pl\/index.php\/wp-json\/wp\/v2\/pages\/11","targetHints":{"allow":["GET"]}}],"collection":[{"href":"https:\/\/balpol.pl\/index.php\/wp-json\/wp\/v2\/pages"}],"about":[{"href":"https:\/\/balpol.pl\/index.php\/wp-json\/wp\/v2\/types\/page"}],"author":[{"embeddable":true,"href":"https:\/\/balpol.pl\/index.php\/wp-json\/wp\/v2\/users\/1"}],"replies":[{"embeddable":true,"href":"https:\/\/balpol.pl\/index.php\/wp-json\/wp\/v2\/comments?post=11"}],"version-history":[{"count":11,"href":"https:\/\/balpol.pl\/index.php\/wp-json\/wp\/v2\/pages\/11\/revisions"}],"predecessor-version":[{"id":252,"href":"https:\/\/balpol.pl\/index.php\/wp-json\/wp\/v2\/pages\/11\/revisions\/252"}],"wp:attachment":[{"href":"https:\/\/balpol.pl\/index.php\/wp-json\/wp\/v2\/media?parent=11"}],"curies":[{"name":"wp","href":"https:\/\/api.w.org\/{rel}","templated":true}]}}